{"id":185,"date":"2019-10-31T23:08:55","date_gmt":"2019-10-31T23:08:55","guid":{"rendered":"https:\/\/www.megapizza.pt\/?page_id=185"},"modified":"2021-02-19T22:32:50","modified_gmt":"2021-02-19T22:32:50","slug":"ofertas-e-promocoes","status":"publish","type":"page","link":"https:\/\/megapizza.pt\/en\/ofertas-e-promocoes\/","title":{"rendered":"Offers and Promotions"},"content":{"rendered":"<p>[et_pb_section fb_built=&#8221;1&#8243; _builder_version=&#8221;4.0.4&#8243; background_color=&#8221;#ef1c23&#8243; min_height=&#8221;19px&#8221; custom_margin=&#8221;||-54px|||&#8221; custom_padding=&#8221;0px|||||&#8221; global_module=&#8221;155&#8243; saved_tabs=&#8221;all&#8221;][et_pb_row _builder_version=&#8221;4.0.4&#8243; background_enable_image=&#8221;off&#8221; module_alignment=&#8221;center&#8221; min_height=&#8221;100px&#8221;][et_pb_column type=&#8221;4_4&#8243; _builder_version=&#8221;4.0.4&#8243;][et_pb_image src=&#8221;https:\/\/www.megapizza.pt\/wp-content\/uploads\/2019\/10\/megapizza_official_logo_registered_trademark_pt_eu.png&#8221; align=&#8221;center&#8221; _builder_version=&#8221;4.0.4&#8243; background_enable_image=&#8221;off&#8221; width=&#8221;50%&#8221; width_tablet=&#8221;80%&#8221; width_phone=&#8221;90%&#8221; width_last_edited=&#8221;on|desktop&#8221; module_alignment=&#8221;center&#8221; custom_padding=&#8221;||0px|||&#8221;][\/et_pb_image][\/et_pb_column][\/et_pb_row][\/et_pb_section][et_pb_section fb_built=&#8221;1&#8243; _builder_version=&#8221;3.22&#8243; custom_padding=&#8221;30px|0px|54px|0px|false|false&#8221;][et_pb_row column_structure=&#8221;1_2,1_2&#8243; _builder_version=&#8221;3.25&#8243; custom_padding=&#8221;22px|0px|0|0px|false|false&#8221;][et_pb_column type=&#8221;1_2&#8243; _builder_version=&#8221;3.25&#8243; custom_padding=&#8221;|||&#8221; custom_padding__hover=&#8221;|||&#8221;][et_pb_blurb title=&#8221;Ofertas e Promo\u00e7\u00f5es&#8221; use_icon=&#8221;on&#8221; font_icon=&#8221;%%235%%&#8221; icon_placement=&#8221;left&#8221; use_icon_font_size=&#8221;on&#8221; icon_font_size=&#8221;20px&#8221; _builder_version=&#8221;3.8&#8243; header_font=&#8221;||||||||&#8221; header_font_size=&#8221;20px&#8221;][\/et_pb_blurb][et_pb_text _builder_version=&#8221;4.9.0&#8243; _module_preset=&#8221;default&#8221; hover_enabled=&#8221;0&#8243; sticky_enabled=&#8221;0&#8243;]<\/p>\n<p>N\u00e3o h\u00e1 ofertas dispon\u00edveis no momento.<\/p>\n<p>[\/et_pb_text][\/et_pb_column][et_pb_column type=&#8221;1_2&#8243; _builder_version=&#8221;3.25&#8243; custom_padding=&#8221;|||&#8221; custom_padding__hover=&#8221;|||&#8221;][\/et_pb_column][\/et_pb_row][\/et_pb_section]<\/p>\n","protected":false},"excerpt":{"rendered":"<p>There are no offers available at the moment.<\/p>","protected":false},"author":1,"featured_media":0,"parent":0,"menu_order":0,"comment_status":"closed","ping_status":"closed","template":"","meta":{"_et_pb_use_builder":"on","_et_pb_old_content":"","_et_gb_content_width":"","footnotes":""},"class_list":["post-185","page","type-page","status-publish","hentry"],"_links":{"self":[{"href":"https:\/\/megapizza.pt\/en\/wp-json\/wp\/v2\/pages\/185","targetHints":{"allow":["GET"]}}],"collection":[{"href":"https:\/\/megapizza.pt\/en\/wp-json\/wp\/v2\/pages"}],"about":[{"href":"https:\/\/megapizza.pt\/en\/wp-json\/wp\/v2\/types\/page"}],"author":[{"embeddable":true,"href":"https:\/\/megapizza.pt\/en\/wp-json\/wp\/v2\/users\/1"}],"replies":[{"embeddable":true,"href":"https:\/\/megapizza.pt\/en\/wp-json\/wp\/v2\/comments?post=185"}],"version-history":[{"count":5,"href":"https:\/\/megapizza.pt\/en\/wp-json\/wp\/v2\/pages\/185\/revisions"}],"predecessor-version":[{"id":1573,"href":"https:\/\/megapizza.pt\/en\/wp-json\/wp\/v2\/pages\/185\/revisions\/1573"}],"wp:attachment":[{"href":"https:\/\/megapizza.pt\/en\/wp-json\/wp\/v2\/media?parent=185"}],"curies":[{"name":"wp","href":"https:\/\/api.w.org\/{rel}","templated":true}]}}